{"id":185,"date":"2026-05-04T21:05:18","date_gmt":"2026-05-04T19:05:18","guid":{"rendered":"https:\/\/pbm3h23bre.web.bib.de\/?page_id=185"},"modified":"2026-05-04T22:03:40","modified_gmt":"2026-05-04T20:03:40","slug":"rheinberg-apotheke","status":"publish","type":"page","link":"https:\/\/pbm3h23bre.web.bib.de\/","title":{"rendered":"Rheinberg Apotheke"},"content":{"rendered":"\t\t<div data-elementor-type=\"wp-page\" data-elementor-id=\"185\" class=\"elementor elementor-185\">\n\t\t\t\t<div class=\"elementor-element elementor-element-fa49723 e-flex e-con-boxed e-con e-parent\" data-id=\"fa49723\" data-element_type=\"container\" data-e-type=\"container\">\n\t\t\t\t\t<div class=\"e-con-inner\">\n\t\t<div class=\"elementor-element elementor-element-fe5c0d4 e-con-full e-flex e-con e-child\" data-id=\"fe5c0d4\" data-element_type=\"container\" data-e-type=\"container\" data-settings='{\"background_background\":\"classic\"}'>\n\t\t\t\t<\/div>\n\t\t\t\t\t<\/div>\n\t\t\t\t<\/div>\n\t\t<div class=\"elementor-element elementor-element-ae3a118 e-flex e-con-boxed e-con e-parent\" data-id=\"ae3a118\" data-element_type=\"container\" data-e-type=\"container\">\n\t\t\t\t\t<div class=\"e-con-inner\">\n\t\t\t\t<div class=\"elementor-element elementor-element-25f8dba elementor-widget elementor-widget-spacer\" data-id=\"25f8dba\" data-element_type=\"widget\" data-e-type=\"widget\" data-widget_type=\"spacer.default\">\n\t\t\t\t\t\t\t<div class=\"elementor-spacer\">\n\t\t\t<div class=\"elementor-spacer-inner\"><\/div>\n\t\t<\/div>\n\t\t\t\t\t\t<\/div>\n\t\t\t\t<div class=\"elementor-element elementor-element-5303c5b elementor-widget elementor-widget-heading\" data-id=\"5303c5b\" data-element_type=\"widget\" data-e-type=\"widget\" data-widget_type=\"heading.default\">\n\t\t\t\t\t<h2 class=\"elementor-heading-title elementor-size-default\">Ihre Gesundheit liegt uns am Herzen!<\/h2>\t\t\t\t<\/div>\n\t\t\t\t<div class=\"elementor-element elementor-element-05fffd4 elementor-widget elementor-widget-text-editor\" data-id=\"05fffd4\" data-element_type=\"widget\" data-e-type=\"widget\" data-widget_type=\"text-editor.default\">\n\t\t\t\t\t\t\t\t\t<p>In unserer Apotheke bieten wir Ihnen kompetenten Service rund um Ihre Gesundheit und Ihr Wohlbefinden. Unser Ziel ist es, Sie optimal zu versorgen, betreuen und beraten und das individuell und in allen Lebenslagen. Neben einem breiten Leistungsspektrum, fachkundiger und pers\u00f6nlicher Beratung und umfassendem Service ist unsere Versorgung individuell an Ihre Bed\u00fcrfnisse angepasst.<\/p><p>Nutzen Sie unsere Kompetenz nicht nur vor Ort, sondern auch online. So sparen Sie doppelte Wege und profitieren von exklusiven Angeboten.<\/p><p><strong>Wir freuen uns auf Ihren Besuch!<\/strong><\/p>\t\t\t\t\t\t\t\t<\/div>\n\t\t\t\t<div class=\"elementor-element elementor-element-9a85d14 elementor-widget elementor-widget-spacer\" data-id=\"9a85d14\" data-element_type=\"widget\" data-e-type=\"widget\" data-widget_type=\"spacer.default\">\n\t\t\t\t\t\t\t<div class=\"elementor-spacer\">\n\t\t\t<div class=\"elementor-spacer-inner\"><\/div>\n\t\t<\/div>\n\t\t\t\t\t\t<\/div>\n\t\t\t\t\t<\/div>\n\t\t\t\t<\/div>\n\t\t<div class=\"elementor-element elementor-element-bf1b4a5 e-grid e-con-boxed e-con e-parent\" data-id=\"bf1b4a5\" data-element_type=\"container\" data-e-type=\"container\" data-settings='{\"background_background\":\"classic\"}'>\n\t\t\t\t\t<div class=\"e-con-inner\">\n\t\t\t\t<div class=\"elementor-element elementor-element-ad310db elementor-widget elementor-widget-image\" data-id=\"ad310db\" data-element_type=\"widget\" data-e-type=\"widget\" data-widget_type=\"image.default\">\n\t\t\t\t\t\t\t\t\t\t\t\t\t\t\t<img fetchpriority=\"high\" decoding=\"async\" width=\"541\" height=\"360\" src=\"https:\/\/pbm3h23bre.web.bib.de\/wp-content\/uploads\/2026\/05\/regal.jpg\" class=\"attachment-medium_large size-medium_large wp-image-234\" alt=\"\" srcset=\"https:\/\/pbm3h23bre.web.bib.de\/wp-content\/uploads\/2026\/05\/regal.jpg 541w, https:\/\/pbm3h23bre.web.bib.de\/wp-content\/uploads\/2026\/05\/regal-300x200.jpg 300w\" sizes=\"(max-width: 541px) 100vw, 541px\">\t\t\t\t\t\t\t\t\t\t\t\t\t\t\t<\/div>\n\t\t\t\t<div class=\"elementor-element elementor-element-8901b2a elementor-widget elementor-widget-text-editor\" data-id=\"8901b2a\" data-element_type=\"widget\" data-e-type=\"widget\" data-widget_type=\"text-editor.default\">\n\t\t\t\t\t\t\t\t\t<p><strong>Unsere Leistungen<\/strong><\/p><p>Hier finden Sie einen \u00dcberblick \u00fcber unsere umfangreichen Leistungen, durch die wir Ihnen t\u00e4glich zur Seite stehen.<\/p><p><strong>Service<\/strong><\/p><ul><li>Botendienst<\/li><li>Optimale Betreuung durch pers\u00f6nliche Kundenkarte<\/li><li>Informationen \u00fcber Wechselwirkung bei Arzneimitteln, Gro\u00dfes Warenlager mit \u00fcber 10.000 verschiedenen Produkten<\/li><\/ul>\t\t\t\t\t\t\t\t<\/div>\n\t\t\t\t\t<\/div>\n\t\t\t\t<\/div>\n\t\t<div class=\"elementor-element elementor-element-4cbb345 e-grid e-con-boxed e-con e-parent\" data-id=\"4cbb345\" data-element_type=\"container\" data-e-type=\"container\" data-settings='{\"background_background\":\"classic\"}'>\n\t\t\t\t\t<div class=\"e-con-inner\">\n\t\t\t\t<div class=\"elementor-element elementor-element-7a6904e elementor-widget elementor-widget-text-editor\" data-id=\"7a6904e\" data-element_type=\"widget\" data-e-type=\"widget\" data-widget_type=\"text-editor.default\">\n\t\t\t\t\t\t\t\t\t<p><strong>Wir sind f\u00fcr Sie da \u2013 vor Ort und digital<\/strong><\/p><p>Unsere Apotheke steht nicht nur als vertrauensw\u00fcrdiger Ort in Ihrer Nachbarschaft, sondern auch als digitaler Begleiter zur Verf\u00fcgung. Vor Ort bieten wir Ihnen eine pers\u00f6nliche Beratung und Betreuung an. Online stehen wir Ihnen mit derselben Expertise und F\u00fcrsorge zur Verf\u00fcgung. In beiden Dimensionen, physisch und digital, bleiben wir Ihr verl\u00e4sslicher Partner in allen Gesundheitsfragen.<\/p>\t\t\t\t\t\t\t\t<\/div>\n\t\t\t\t<div class=\"elementor-element elementor-element-b5bee04 elementor-widget elementor-widget-image\" data-id=\"b5bee04\" data-element_type=\"widget\" data-e-type=\"widget\" data-widget_type=\"image.default\">\n\t\t\t\t\t\t\t\t\t\t\t\t\t\t\t<img decoding=\"async\" width=\"738\" height=\"649\" src=\"https:\/\/pbm3h23bre.web.bib.de\/wp-content\/uploads\/2026\/05\/Apo_Bild_02_AdobeStock.png\" class=\"attachment-medium_large size-medium_large wp-image-217\" alt=\"\" srcset=\"https:\/\/pbm3h23bre.web.bib.de\/wp-content\/uploads\/2026\/05\/Apo_Bild_02_AdobeStock.png 738w, https:\/\/pbm3h23bre.web.bib.de\/wp-content\/uploads\/2026\/05\/Apo_Bild_02_AdobeStock-300x264.png 300w\" sizes=\"(max-width: 738px) 100vw, 738px\">\t\t\t\t\t\t\t\t\t\t\t\t\t\t\t<\/div>\n\t\t\t\t\t<\/div>\n\t\t\t\t<\/div>\n\t\t<div class=\"elementor-element elementor-element-42c62dd e-flex e-con-boxed e-con e-parent\" data-id=\"42c62dd\" data-element_type=\"container\" data-e-type=\"container\">\n\t\t\t\t\t<div class=\"e-con-inner\">\n\t\t\t\t<div class=\"elementor-element elementor-element-e4534e8 elementor-widget elementor-widget-heading\" data-id=\"e4534e8\" data-element_type=\"widget\" data-e-type=\"widget\" data-widget_type=\"heading.default\">\n\t\t\t\t\t<h2 class=\"elementor-heading-title elementor-size-default\">\u00d6ffnungszeiten<\/h2>\t\t\t\t<\/div>\n\t\t<div class=\"elementor-element elementor-element-2fe4723 e-grid e-con-full e-con e-child\" data-id=\"2fe4723\" data-element_type=\"container\" data-e-type=\"container\">\n\t\t\t\t<div class=\"elementor-element elementor-element-7947b30 elementor-widget elementor-widget-text-editor\" data-id=\"7947b30\" data-element_type=\"widget\" data-e-type=\"widget\" data-widget_type=\"text-editor.default\">\n\t\t\t\t\t\t\t\t\t<p><strong>Montag \u2013 Freitag:<\/strong> 08:00 \u2013 18:30 Uhr<\/p><p><strong>Samstag:<\/strong> 08:30 \u2013 12:30 Uhr<\/p><p>\u00a0<\/p><p>Schwerdstra\u00dfe 5-7<\/p><p>67574 Osthofen<\/p>\t\t\t\t\t\t\t\t<\/div>\n\t\t\t\t<div class=\"elementor-element elementor-element-b147197 elementor-widget elementor-widget-google_maps\" data-id=\"b147197\" data-element_type=\"widget\" data-e-type=\"widget\" data-widget_type=\"google_maps.default\">\n\t\t\t\t\t\t\t<div class=\"elementor-custom-embed\">\n\t\t\t<div class=\"embed-privacy-container is-disabled embed-google-maps\" data-embed-id=\"oembed_4166f53485aa5feea135e2b2040c6ed8\" data-embed-provider=\"google-maps\">\t\t\t\t\t\t<button type=\"button\" class=\"embed-privacy-enable screen-reader-text\">\u201eSchwerdestra\u00dfe 5-7 67574 Osthofen\u201c von Google Maps anzeigen<\/button>\t\t\t\t\t\t<div class=\"embed-privacy-overlay\">\t\t\t\t<div class=\"embed-privacy-inner\">\t\t\t\t\t<div class=\"embed-privacy-logo\" style=\"background-image: url(https:\/\/pbm3h23bre.web.bib.de\/wp-content\/plugins\/embed-privacy\/assets\/images\/embed-google-maps.png?ver=1.12.3);\"><\/div>\t\t<p>\t\tHier klicken, um den Inhalt von Google Maps anzuzeigen.\t\t\t\t\t<br>\t\t\t\t\tErfahre mehr in der <a href=\"https:\/\/policies.google.com\/privacy?hl=de\" target=\"_blank\">Datenschutzerkl\u00e4rung von Google Maps<\/a>.\t\t<\/p>\t\t<p class=\"embed-privacy-input-wrapper\">\t\t\t<input id=\"embed-privacy-store-google-maps-4166f53485aa5feea135e2b2040c6ed8\" type=\"checkbox\" value=\"1\" class=\"embed-privacy-input\" data-embed-provider=\"google-maps\">\t\t\t<label for=\"embed-privacy-store-google-maps-4166f53485aa5feea135e2b2040c6ed8\" class=\"embed-privacy-label\" data-embed-provider=\"google-maps\">\t\t\t\tInhalt von Google Maps immer anzeigen\t\t\t<\/label>\t\t<\/p>\t\t\t\t\t\t<\/div>\t\t\t\t\t\t\t\t<div class=\"embed-privacy-footer\"><span class=\"embed-privacy-url\"><a href=\"https:\/\/maps.google.com\/maps?q=Schwerdestra%C3%9Fe%205-7%2067574%20Osthofen&amp;t=m&amp;z=10&amp;output=embed&amp;iwloc=near\">\u201eSchwerdestra\u00dfe 5-7 67574 Osthofen\u201c direkt \u00f6ffnen<\/a><\/span><\/div>\t\t\t<\/div>\t\t\t\t\t\t<div class=\"embed-privacy-content\">\t\t\t\t<script>var _oembed_4166f53485aa5feea135e2b2040c6ed8 = '{\\\"embed\\\":\\\"&lt;iframe loading=&quot;lazy&quot; src=&quot;https:\\\\\/\\\\\/maps.google.com\\\\\/maps?q=Schwerdestra%C3%9Fe%205-7%2067574%20Osthofen&amp;amp;t=m&amp;amp;z=10&amp;amp;output=embed&amp;amp;iwloc=near&quot; title=&quot;Schwerdestra&szlig;e 5-7 67574 Osthofen&quot; aria-label=&quot;Schwerdestra&szlig;e 5-7 67574 Osthofen&quot;&gt;&lt;\\\\\/iframe&gt;\\\"}';<\/script>\t\t\t<\/div>\t\t<\/div>\n\t\t<\/div>\n\t\t\t\t\t\t<\/div>\n\t\t\t\t<\/div>\n\t\t\t\t<div class=\"elementor-element elementor-element-7a108cd elementor-widget elementor-widget-spacer\" data-id=\"7a108cd\" data-element_type=\"widget\" data-e-type=\"widget\" data-widget_type=\"spacer.default\">\n\t\t\t\t\t\t\t<div class=\"elementor-spacer\">\n\t\t\t<div class=\"elementor-spacer-inner\"><\/div>\n\t\t<\/div>\n\t\t\t\t\t\t<\/div>\n\t\t\t\t\t<\/div>\n\t\t\t\t<\/div>\n\t\t\t\t<\/div>\n\t\t","protected":false},"excerpt":{"rendered":"<p>Ihre Gesundheit liegt uns am Herzen! In unserer Apotheke bieten wir Ihnen kompetenten Service rund um Ihre Gesundheit und Ihr Wohlbefinden. Unser Ziel ist es, Sie optimal zu versorgen, betreuen und beraten und das individuell und in allen Lebenslagen. Neben einem breiten Leistungsspektrum, fachkundiger und pers\u00f6nlicher Beratung und umfassendem Service ist unsere Versorgung individuell an [&hellip;]<\/p>\n","protected":false},"author":1,"featured_media":0,"parent":0,"menu_order":0,"comment_status":"closed","ping_status":"closed","template":"","meta":{"footnotes":""},"class_list":["post-185","page","type-page","status-publish","hentry"],"_links":{"self":[{"href":"https:\/\/pbm3h23bre.web.bib.de\/index.php\/wp-json\/wp\/v2\/pages\/185","targetHints":{"allow":["GET"]}}],"collection":[{"href":"https:\/\/pbm3h23bre.web.bib.de\/index.php\/wp-json\/wp\/v2\/pages"}],"about":[{"href":"https:\/\/pbm3h23bre.web.bib.de\/index.php\/wp-json\/wp\/v2\/types\/page"}],"author":[{"embeddable":true,"href":"https:\/\/pbm3h23bre.web.bib.de\/index.php\/wp-json\/wp\/v2\/users\/1"}],"replies":[{"embeddable":true,"href":"https:\/\/pbm3h23bre.web.bib.de\/index.php\/wp-json\/wp\/v2\/comments?post=185"}],"version-history":[{"count":52,"href":"https:\/\/pbm3h23bre.web.bib.de\/index.php\/wp-json\/wp\/v2\/pages\/185\/revisions"}],"predecessor-version":[{"id":250,"href":"https:\/\/pbm3h23bre.web.bib.de\/index.php\/wp-json\/wp\/v2\/pages\/185\/revisions\/250"}],"wp:attachment":[{"href":"https:\/\/pbm3h23bre.web.bib.de\/index.php\/wp-json\/wp\/v2\/media?parent=185"}],"curies":[{"name":"wp","href":"https:\/\/api.w.org\/{rel}","templated":true}]}}