{"id":253,"date":"2026-05-04T22:14:53","date_gmt":"2026-05-04T20:14:53","guid":{"rendered":"https:\/\/pbm3h23bre.web.bib.de\/?page_id=253"},"modified":"2026-05-04T22:20:46","modified_gmt":"2026-05-04T20:20:46","slug":"rheinberg-apotheke-ueber-uns","status":"publish","type":"page","link":"https:\/\/pbm3h23bre.web.bib.de\/index.php\/rheinberg-apotheke\/rheinberg-apotheke-ueber-uns\/","title":{"rendered":"Rheinberg Apotheke &#8211; \u00dcber uns"},"content":{"rendered":"\t\t<div data-elementor-type=\"wp-page\" data-elementor-id=\"253\" class=\"elementor elementor-253\">\n\t\t\t\t<div class=\"elementor-element elementor-element-fa49723 e-flex e-con-boxed e-con e-parent\" data-id=\"fa49723\" data-element_type=\"container\" data-e-type=\"container\">\n\t\t\t\t\t<div class=\"e-con-inner\">\n\t\t<div class=\"elementor-element elementor-element-fe5c0d4 e-con-full e-flex e-con e-child\" data-id=\"fe5c0d4\" data-element_type=\"container\" data-e-type=\"container\" data-settings='{\"background_background\":\"classic\"}'>\n\t\t\t\t<\/div>\n\t\t\t\t\t<\/div>\n\t\t\t\t<\/div>\n\t\t<div class=\"elementor-element elementor-element-ae3a118 e-flex e-con-boxed e-con e-parent\" data-id=\"ae3a118\" data-element_type=\"container\" data-e-type=\"container\">\n\t\t\t\t\t<div class=\"e-con-inner\">\n\t\t\t\t<div class=\"elementor-element elementor-element-25f8dba elementor-widget elementor-widget-spacer\" data-id=\"25f8dba\" data-element_type=\"widget\" data-e-type=\"widget\" data-widget_type=\"spacer.default\">\n\t\t\t\t\t\t\t<div class=\"elementor-spacer\">\n\t\t\t<div class=\"elementor-spacer-inner\"><\/div>\n\t\t<\/div>\n\t\t\t\t\t\t<\/div>\n\t\t\t\t<div class=\"elementor-element elementor-element-5303c5b elementor-widget elementor-widget-heading\" data-id=\"5303c5b\" data-element_type=\"widget\" data-e-type=\"widget\" data-widget_type=\"heading.default\">\n\t\t\t\t\t<h2 class=\"elementor-heading-title elementor-size-default\">Unsere Leistungen<\/h2>\t\t\t\t<\/div>\n\t\t\t\t<div class=\"elementor-element elementor-element-05fffd4 elementor-widget elementor-widget-text-editor\" data-id=\"05fffd4\" data-element_type=\"widget\" data-e-type=\"widget\" data-widget_type=\"text-editor.default\">\n\t\t\t\t\t\t\t\t\t<p>Ihre Gesundheit ist das h\u00f6chste Gut und liegt uns am Herzen. Deshalb setzt unser Team auf kompetente und individuelle Beratung. Unser Leistungsspektrum ist breit gef\u00e4chert und zielgerichtet auf Ihre Gesundheit und Ihr Wohlbefinden. Wir legen gro\u00dfen Wert darauf, Sie bestm\u00f6glich zu versorgen, betreuen und beraten \u2013 das gelingt uns durch individuell angepasste Versorgungsstrategien, die Ihnen in jeder Lebenslage Unterst\u00fctzung bieten.<\/p><p><strong>Service:<\/strong><\/p><ul><li>Botendienst<\/li><li>Optimale Betreuung durch pers\u00f6nliche Kundenkarte<\/li><li>Informationen \u00fcber Wechselwirkung bei Arzneimitteln, Gro\u00dfes Warenlager mit \u00fcber 10.000 verschiedenen Produkten<\/li><\/ul>\t\t\t\t\t\t\t\t<\/div>\n\t\t\t\t<div class=\"elementor-element elementor-element-9a85d14 elementor-widget elementor-widget-spacer\" data-id=\"9a85d14\" data-element_type=\"widget\" data-e-type=\"widget\" data-widget_type=\"spacer.default\">\n\t\t\t\t\t\t\t<div class=\"elementor-spacer\">\n\t\t\t<div class=\"elementor-spacer-inner\"><\/div>\n\t\t<\/div>\n\t\t\t\t\t\t<\/div>\n\t\t\t\t\t<\/div>\n\t\t\t\t<\/div>\n\t\t<div class=\"elementor-element elementor-element-bf1b4a5 e-grid e-con-boxed e-con e-parent\" data-id=\"bf1b4a5\" data-element_type=\"container\" data-e-type=\"container\" data-settings='{\"background_background\":\"classic\"}'>\n\t\t\t\t\t<div class=\"e-con-inner\">\n\t\t\t\t<div class=\"elementor-element elementor-element-ad310db elementor-widget elementor-widget-image\" data-id=\"ad310db\" data-element_type=\"widget\" data-e-type=\"widget\" data-widget_type=\"image.default\">\n\t\t\t\t\t\t\t\t\t\t\t\t\t\t\t<img fetchpriority=\"high\" decoding=\"async\" width=\"540\" height=\"360\" src=\"https:\/\/pbm3h23bre.web.bib.de\/wp-content\/uploads\/2026\/05\/schild.jpg\" class=\"attachment-large size-large wp-image-255\" alt=\"\" srcset=\"https:\/\/pbm3h23bre.web.bib.de\/wp-content\/uploads\/2026\/05\/schild.jpg 540w, https:\/\/pbm3h23bre.web.bib.de\/wp-content\/uploads\/2026\/05\/schild-300x200.jpg 300w\" sizes=\"(max-width: 540px) 100vw, 540px\">\t\t\t\t\t\t\t\t\t\t\t\t\t\t\t<\/div>\n\t\t\t\t<div class=\"elementor-element elementor-element-8901b2a elementor-widget elementor-widget-text-editor\" data-id=\"8901b2a\" data-element_type=\"widget\" data-e-type=\"widget\" data-widget_type=\"text-editor.default\">\n\t\t\t\t\t\t\t\t\t<p><strong>Meilensteine:<\/strong><\/p><p><strong>2024<\/strong><br data-epi-spacing>Paul F\u00e4hndrich \u00fcbernimmt in 4. Generation F\u00e4hndrich und nach 125 Jahren die Apotheke von seinem Vater<\/p><p><strong>04.10.2016<\/strong><br data-epi-spacing>Neuer\u00f6ffnung der Rheinberg-Apotheke im Gesundheitszentrum Osthofen.<\/p><p><strong>2006<\/strong><br data-epi-spacing>Kauf der Rheinberg-Apotheke und Modernisierung von Martin F\u00e4hndrich.<\/p><p><strong>1983<\/strong><br data-epi-spacing>Dessen Sohn G\u00fcnther Rosenthal, \u00fcbernimmt die Leitung.<\/p><p><strong>1968<\/strong><br data-epi-spacing>Gr\u00fcndung der Apotheke durch Apotheker Horst Rosenthal.<\/p>\t\t\t\t\t\t\t\t<\/div>\n\t\t\t\t\t<\/div>\n\t\t\t\t<\/div>\n\t\t<div class=\"elementor-element elementor-element-42c62dd e-flex e-con-boxed e-con e-parent\" data-id=\"42c62dd\" data-element_type=\"container\" data-e-type=\"container\">\n\t\t\t\t\t<div class=\"e-con-inner\">\n\t\t\t\t<div class=\"elementor-element elementor-element-b0b03a2 elementor-widget elementor-widget-spacer\" data-id=\"b0b03a2\" data-element_type=\"widget\" data-e-type=\"widget\" data-widget_type=\"spacer.default\">\n\t\t\t\t\t\t\t<div class=\"elementor-spacer\">\n\t\t\t<div class=\"elementor-spacer-inner\"><\/div>\n\t\t<\/div>\n\t\t\t\t\t\t<\/div>\n\t\t<div class=\"elementor-element elementor-element-2fe4723 e-grid e-con-full e-con e-child\" data-id=\"2fe4723\" data-element_type=\"container\" data-e-type=\"container\">\n\t\t\t\t<div class=\"elementor-element elementor-element-7947b30 elementor-widget elementor-widget-text-editor\" data-id=\"7947b30\" data-element_type=\"widget\" data-e-type=\"widget\" data-widget_type=\"text-editor.default\">\n\t\t\t\t\t\t\t\t\t<p><strong>Montag \u2013 Freitag:<\/strong> 08:00 \u2013 18:30 Uhr<\/p><p><strong>Samstag:<\/strong> 08:30 \u2013 12:30 Uhr<\/p><p>\u00a0<\/p><p>Schwerdstra\u00dfe 5-7<\/p><p>67574 Osthofen<\/p>\t\t\t\t\t\t\t\t<\/div>\n\t\t\t\t<div class=\"elementor-element elementor-element-b147197 elementor-widget elementor-widget-google_maps\" data-id=\"b147197\" data-element_type=\"widget\" data-e-type=\"widget\" data-widget_type=\"google_maps.default\">\n\t\t\t\t\t\t\t<div class=\"elementor-custom-embed\">\n\t\t\t<div class=\"embed-privacy-container is-disabled embed-google-maps\" data-embed-id=\"oembed_3885166d007159b17351b8457c42a824\" data-embed-provider=\"google-maps\">\t\t\t\t\t\t<button type=\"button\" class=\"embed-privacy-enable screen-reader-text\">\u201eSchwerdestra\u00dfe 5-7 67574 Osthofen\u201c von Google Maps anzeigen<\/button>\t\t\t\t\t\t<div class=\"embed-privacy-overlay\">\t\t\t\t<div class=\"embed-privacy-inner\">\t\t\t\t\t<div class=\"embed-privacy-logo\" style=\"background-image: url(https:\/\/pbm3h23bre.web.bib.de\/wp-content\/plugins\/embed-privacy\/assets\/images\/embed-google-maps.png?ver=1.12.3);\"><\/div>\t\t<p>\t\tHier klicken, um den Inhalt von Google Maps anzuzeigen.\t\t\t\t\t<br>\t\t\t\t\tErfahre mehr in der <a href=\"https:\/\/policies.google.com\/privacy?hl=de\" target=\"_blank\">Datenschutzerkl\u00e4rung von Google Maps<\/a>.\t\t<\/p>\t\t<p class=\"embed-privacy-input-wrapper\">\t\t\t<input id=\"embed-privacy-store-google-maps-3885166d007159b17351b8457c42a824\" type=\"checkbox\" value=\"1\" class=\"embed-privacy-input\" data-embed-provider=\"google-maps\">\t\t\t<label for=\"embed-privacy-store-google-maps-3885166d007159b17351b8457c42a824\" class=\"embed-privacy-label\" data-embed-provider=\"google-maps\">\t\t\t\tInhalt von Google Maps immer anzeigen\t\t\t<\/label>\t\t<\/p>\t\t\t\t\t\t<\/div>\t\t\t\t\t\t\t\t<div class=\"embed-privacy-footer\"><span class=\"embed-privacy-url\"><a href=\"https:\/\/maps.google.com\/maps?q=Schwerdestra%C3%9Fe%205-7%2067574%20Osthofen&amp;t=m&amp;z=10&amp;output=embed&amp;iwloc=near\">\u201eSchwerdestra\u00dfe 5-7 67574 Osthofen\u201c direkt \u00f6ffnen<\/a><\/span><\/div>\t\t\t<\/div>\t\t\t\t\t\t<div class=\"embed-privacy-content\">\t\t\t\t<script>var _oembed_3885166d007159b17351b8457c42a824 = '{\\\"embed\\\":\\\"&lt;iframe loading=&quot;lazy&quot; src=&quot;https:\\\\\/\\\\\/maps.google.com\\\\\/maps?q=Schwerdestra%C3%9Fe%205-7%2067574%20Osthofen&amp;amp;t=m&amp;amp;z=10&amp;amp;output=embed&amp;amp;iwloc=near&quot; title=&quot;Schwerdestra&szlig;e 5-7 67574 Osthofen&quot; aria-label=&quot;Schwerdestra&szlig;e 5-7 67574 Osthofen&quot;&gt;&lt;\\\\\/iframe&gt;\\\"}';<\/script>\t\t\t<\/div>\t\t<\/div>\n\t\t<\/div>\n\t\t\t\t\t\t<\/div>\n\t\t\t\t<\/div>\n\t\t\t\t<div class=\"elementor-element elementor-element-7a108cd elementor-widget elementor-widget-spacer\" data-id=\"7a108cd\" data-element_type=\"widget\" data-e-type=\"widget\" data-widget_type=\"spacer.default\">\n\t\t\t\t\t\t\t<div class=\"elementor-spacer\">\n\t\t\t<div class=\"elementor-spacer-inner\"><\/div>\n\t\t<\/div>\n\t\t\t\t\t\t<\/div>\n\t\t\t\t\t<\/div>\n\t\t\t\t<\/div>\n\t\t\t\t<\/div>\n\t\t","protected":false},"excerpt":{"rendered":"<p>Unsere Leistungen Ihre Gesundheit ist das h\u00f6chste Gut und liegt uns am Herzen. Deshalb setzt unser Team auf kompetente und individuelle Beratung. Unser Leistungsspektrum ist breit gef\u00e4chert und zielgerichtet auf Ihre Gesundheit und Ihr Wohlbefinden. Wir legen gro\u00dfen Wert darauf, Sie bestm\u00f6glich zu versorgen, betreuen und beraten &#8211; das gelingt uns durch individuell angepasste Versorgungsstrategien, [&hellip;]<\/p>\n","protected":false},"author":1,"featured_media":0,"parent":185,"menu_order":0,"comment_status":"closed","ping_status":"closed","template":"","meta":{"footnotes":""},"class_list":["post-253","page","type-page","status-publish","hentry"],"_links":{"self":[{"href":"https:\/\/pbm3h23bre.web.bib.de\/index.php\/wp-json\/wp\/v2\/pages\/253","targetHints":{"allow":["GET"]}}],"collection":[{"href":"https:\/\/pbm3h23bre.web.bib.de\/index.php\/wp-json\/wp\/v2\/pages"}],"about":[{"href":"https:\/\/pbm3h23bre.web.bib.de\/index.php\/wp-json\/wp\/v2\/types\/page"}],"author":[{"embeddable":true,"href":"https:\/\/pbm3h23bre.web.bib.de\/index.php\/wp-json\/wp\/v2\/users\/1"}],"replies":[{"embeddable":true,"href":"https:\/\/pbm3h23bre.web.bib.de\/index.php\/wp-json\/wp\/v2\/comments?post=253"}],"version-history":[{"count":13,"href":"https:\/\/pbm3h23bre.web.bib.de\/index.php\/wp-json\/wp\/v2\/pages\/253\/revisions"}],"predecessor-version":[{"id":272,"href":"https:\/\/pbm3h23bre.web.bib.de\/index.php\/wp-json\/wp\/v2\/pages\/253\/revisions\/272"}],"up":[{"embeddable":true,"href":"https:\/\/pbm3h23bre.web.bib.de\/index.php\/wp-json\/wp\/v2\/pages\/185"}],"wp:attachment":[{"href":"https:\/\/pbm3h23bre.web.bib.de\/index.php\/wp-json\/wp\/v2\/media?parent=253"}],"curies":[{"name":"wp","href":"https:\/\/api.w.org\/{rel}","templated":true}]}}