{"id":278,"date":"2026-05-04T22:31:18","date_gmt":"2026-05-04T20:31:18","guid":{"rendered":"https:\/\/pbm3h23bre.web.bib.de\/?page_id=278"},"modified":"2026-05-04T22:32:18","modified_gmt":"2026-05-04T20:32:18","slug":"rheinberg-apotheke-impressum","status":"publish","type":"page","link":"https:\/\/pbm3h23bre.web.bib.de\/index.php\/rheinberg-apotheke\/rheinberg-apotheke-impressum\/","title":{"rendered":"Rheinberg Apotheke &#8211; Impressum"},"content":{"rendered":"\t\t<div data-elementor-type=\"wp-page\" data-elementor-id=\"278\" class=\"elementor elementor-278\">\n\t\t\t\t<div class=\"elementor-element elementor-element-ae3a118 e-flex e-con-boxed e-con e-parent\" data-id=\"ae3a118\" data-element_type=\"container\" data-e-type=\"container\">\n\t\t\t\t\t<div class=\"e-con-inner\">\n\t\t\t\t<div class=\"elementor-element elementor-element-25f8dba elementor-widget elementor-widget-spacer\" data-id=\"25f8dba\" data-element_type=\"widget\" data-e-type=\"widget\" data-widget_type=\"spacer.default\">\n\t\t\t\t\t\t\t<div class=\"elementor-spacer\">\n\t\t\t<div class=\"elementor-spacer-inner\"><\/div>\n\t\t<\/div>\n\t\t\t\t\t\t<\/div>\n\t\t\t\t<div class=\"elementor-element elementor-element-5303c5b elementor-widget elementor-widget-heading\" data-id=\"5303c5b\" data-element_type=\"widget\" data-e-type=\"widget\" data-widget_type=\"heading.default\">\n\t\t\t\t\t<h2 class=\"elementor-heading-title elementor-size-default\">Impressum<\/h2>\t\t\t\t<\/div>\n\t\t\t\t<div class=\"elementor-element elementor-element-05fffd4 elementor-widget elementor-widget-text-editor\" data-id=\"05fffd4\" data-element_type=\"widget\" data-e-type=\"widget\" data-widget_type=\"text-editor.default\">\n\t\t\t\t\t\t\t\t\t<p><strong>Name und Anschrift:<\/strong><\/p><p>Rheinberg-Apotheke<\/p><p><strong>Inhaber\/-in<\/strong>: Paul F\u00e4hndrich e.K<\/p><p>Schwerdstra\u00dfe 5-7<\/p><p>67574 Osthofen<\/p><p><strong>Telefon:\u00a0<\/strong><a href=\"tel:0624250480\">06242\/5 04 80<\/a><\/p><p><strong>Fax:<\/strong>\u00a006242\/50 48 48<\/p><p><strong>Email:<\/strong>\u00a0<a href=\"mailto:info@aporbo.de\">info@aporbo.de<\/a><\/p><p><strong>Gewerbeinformationen:<\/strong><\/p><p>Handelsregister: Amtsgericht Mainz\u00a0,\u00a0HRA 10861<\/p><p>Umsatzsteuer-Identifikationsnummer: DE364668515<\/p><p><strong>Zust\u00e4ndige Aufsichtsbeh\u00f6rde<\/strong><\/p><p>Landesamt f\u00fcr Soziales, Jugend und Versorgung<\/p><p>Rheinallee 97 &#8211; 101<\/p><p>55118<\/p><p>Mainz<\/p><p><strong>Telefon<\/strong>:\u00a0<a href=\"tel:061319670\">06131 967-0<\/a><\/p><p><strong>Fax<\/strong>: 06131 967-353<\/p><p><strong>E-Mail<\/strong>:\u00a0<a href=\"mailto:poststelle-mz@lsjv.rlp.de\">poststelle-mz@lsjv.rlp.de<\/a><\/p><p><strong>Webseite<\/strong>:\u00a0<a href=\"https:\/\/www.lsjv.rlp.de\/\">https:\/\/www.lsjv.rlp.de<\/a><\/p><p><strong>Zust\u00e4ndige Kammer:<\/strong><\/p><p>Landesapothekerkammer Rheinland-Pfalz<\/p><p>Am Gautor 15<\/p><p>55131<\/p><p>Mainz<\/p><p><strong>Telefon<\/strong>:\u00a0<a href=\"tel:06131270120\">061 31\/2 70 12-0<\/a><\/p><p><strong>Fax<\/strong>: 061 31\/2 70 12-22<\/p><p><strong>E-Mail<\/strong>:\u00a0<a href=\"mailto:geschaeftsstelle@lak-rlp.de\">geschaeftsstelle@lak-rlp.de<\/a><\/p><p><strong>Webseite<\/strong>:\u00a0<a href=\"https:\/\/www.lak-rlp.de\/\">https:\/\/www.lak-rlp.de<\/a><\/p><p>Der Inhaber unterliegt der Berufsordnung f\u00fcr Apothekerinnen und Apotheker der oben genannten Apothekerkammer. Weitere berufsrechtliche Regelungen: Apothekengesetz, Apothekenbetriebsordnung, Bundes-Apothekerordnung.<\/p><p><strong>Gesetzliche Berufsbezeichnung:<\/strong><\/p><p>Apotheker\/-in, verliehen in der Bundesrepublik Deutschland<\/p><p><strong>Berufsrechtliche Regelung:<\/strong><\/p><p>Berufsordnung f\u00fcr ApothekerInnen der Landesapothekerkammer Rheinland-Pfalz<\/p><p>Weitere Rechtsgrundlagen: Apothekengesetz, Apothekenbetriebsordnung, Arzneimittelpreisverordnung, Bundesapothekerordnung, Approbationsordnung f\u00fcr Apotheker einsehbar auf der Internetseite des Bundesvereinigung Deutscher Apothekerverb\u00e4nde (<a href=\"https:\/\/www.abda.de\/\">www.abda.de<\/a>).<\/p><p><strong>Datenschutzbeauftragte\/-r:<\/strong><\/p><p>Den betrieblichen Datenschutzbeauftragten unserer Apotheke k\u00f6nnen Sie hier erreichen:<\/p><p>A&amp;A Arbeitsschutz<\/p><p><strong>E-Mail<\/strong>:\u00a0<a href=\"mailto:ds-beauftragter@aa-arbeitsschutz.de\">ds-beauftragter@aa-arbeitsschutz.de<\/a><\/p><p><strong>Weitere Hinweise:<\/strong><\/p><p><u>Streitschlichtung<\/u><\/p><p>Wir sind weder verpflichtet noch bereit, an einem Streitbeilegungsverfahren vor einer Verbraucherschlichtungsstelle teilzunehmen.<\/p><p><u>Haftung<\/u><\/p><p>Wir sind f\u00fcr die Inhalte unserer Internetseiten verantwortlich. Alle Inhalte werden mit der gebotenen Sorgfalt und nach bestem Wissen erstellt. Soweit wir auf unseren Internetseiten mittels Links auf Internetseiten Dritter verweisen, k\u00f6nnen wir keine Gew\u00e4hr f\u00fcr die fortw\u00e4hrende Aktualit\u00e4t, Richtigkeit und Vollst\u00e4ndigkeit der verlinkten Inhalte \u00fcbernehmen, da diese Inhalte au\u00dferhalb unseres Verantwortungsbereichs liegen und wir auf die zuk\u00fcnftige Gestaltung keinen Einfluss haben. Sollten aus Ihrer Sicht Inhalte gegen geltendes Recht versto\u00dfen oder unangemessen sein, teilen Sie uns dies bitte mit. Die rechtlichen Hinweise auf dieser Seite sowie alle Fragen und Streitigkeiten im Zusammenhang mit der Gestaltung dieser Internetseite unterliegen dem Recht der Bundesrepublik Deutschland.<\/p><p><u>Urheberrecht<\/u><\/p><p>Die auf unserer Internetseite vorhandenen Texte, Bilder, Fotos, Videos oder Grafiken unterliegen in der Regel dem Schutz des Urheberrechts. Jede unberechtigte Verwendung (insbesondere die Vervielf\u00e4ltigung, Bearbeitung oder Verbreitung) dieser urheberrechtsgesch\u00fctzten Inhalte ist daher untersagt. Wenn Sie beabsichtigen, diese Inhalte oder Teile davon zu verwenden, kontaktieren Sie uns bitte im Voraus unter den obenstehenden Angaben. Soweit wir nicht selbst Inhaber der ben\u00f6tigten urheberrechtlichen Nutzungsrechte sein sollten, bem\u00fchen wir uns, einen Kontakt zum Berechtigten zu vermitteln.<\/p><p><u>Social Media-Profile<\/u><\/p><p>Dieses Impressum gilt auch f\u00fcr unsere Social Media-Profile.<\/p><p><strong>Bildnachweise:<\/strong><\/p><p>https:\/\/stock.adobe.com\/de\/<\/p><p>\u00a0<\/p>\t\t\t\t\t\t\t\t<\/div>\n\t\t\t\t<div class=\"elementor-element elementor-element-9a85d14 elementor-widget elementor-widget-spacer\" data-id=\"9a85d14\" data-element_type=\"widget\" data-e-type=\"widget\" data-widget_type=\"spacer.default\">\n\t\t\t\t\t\t\t<div class=\"elementor-spacer\">\n\t\t\t<div class=\"elementor-spacer-inner\"><\/div>\n\t\t<\/div>\n\t\t\t\t\t\t<\/div>\n\t\t\t\t\t<\/div>\n\t\t\t\t<\/div>\n\t\t\t\t<\/div>\n\t\t","protected":false},"excerpt":{"rendered":"<p>Impressum Name und Anschrift: Rheinberg-Apotheke Inhaber\/-in: Paul F\u00e4hndrich e.K Schwerdstra\u00dfe 5-7 67574 Osthofen Telefon:\u00a006242\/5 04 80 Fax:\u00a006242\/50 48 48 Email:\u00a0info@aporbo.de Gewerbeinformationen: Handelsregister: Amtsgericht Mainz\u00a0,\u00a0HRA 10861 Umsatzsteuer-Identifikationsnummer: DE364668515 Zust\u00e4ndige Aufsichtsbeh\u00f6rde Landesamt f\u00fcr Soziales, Jugend und Versorgung Rheinallee 97 &#8211; 101 55118 Mainz Telefon:\u00a006131 967-0 Fax: 06131 967-353 E-Mail:\u00a0poststelle-mz@lsjv.rlp.de Webseite:\u00a0https:\/\/www.lsjv.rlp.de Zust\u00e4ndige Kammer: Landesapothekerkammer Rheinland-Pfalz Am Gautor 15 [&hellip;]<\/p>\n","protected":false},"author":1,"featured_media":0,"parent":185,"menu_order":0,"comment_status":"closed","ping_status":"closed","template":"","meta":{"footnotes":""},"class_list":["post-278","page","type-page","status-publish","hentry"],"_links":{"self":[{"href":"https:\/\/pbm3h23bre.web.bib.de\/index.php\/wp-json\/wp\/v2\/pages\/278","targetHints":{"allow":["GET"]}}],"collection":[{"href":"https:\/\/pbm3h23bre.web.bib.de\/index.php\/wp-json\/wp\/v2\/pages"}],"about":[{"href":"https:\/\/pbm3h23bre.web.bib.de\/index.php\/wp-json\/wp\/v2\/types\/page"}],"author":[{"embeddable":true,"href":"https:\/\/pbm3h23bre.web.bib.de\/index.php\/wp-json\/wp\/v2\/users\/1"}],"replies":[{"embeddable":true,"href":"https:\/\/pbm3h23bre.web.bib.de\/index.php\/wp-json\/wp\/v2\/comments?post=278"}],"version-history":[{"count":4,"href":"https:\/\/pbm3h23bre.web.bib.de\/index.php\/wp-json\/wp\/v2\/pages\/278\/revisions"}],"predecessor-version":[{"id":283,"href":"https:\/\/pbm3h23bre.web.bib.de\/index.php\/wp-json\/wp\/v2\/pages\/278\/revisions\/283"}],"up":[{"embeddable":true,"href":"https:\/\/pbm3h23bre.web.bib.de\/index.php\/wp-json\/wp\/v2\/pages\/185"}],"wp:attachment":[{"href":"https:\/\/pbm3h23bre.web.bib.de\/index.php\/wp-json\/wp\/v2\/media?parent=278"}],"curies":[{"name":"wp","href":"https:\/\/api.w.org\/{rel}","templated":true}]}}